{"id":621,"date":"2019-04-17T10:04:40","date_gmt":"2019-04-17T10:04:40","guid":{"rendered":"https:\/\/new.centre-cyno-tallendais.fr\/index.php\/about\/"},"modified":"2023-11-29T20:36:48","modified_gmt":"2023-11-29T19:36:48","slug":"tarifs","status":"publish","type":"page","link":"https:\/\/new.centre-cyno-tallendais.fr\/index.php\/tarifs\/","title":{"rendered":"TARIFS"},"content":{"rendered":"\t\t<div data-elementor-type=\"wp-post\" data-elementor-id=\"621\" class=\"elementor elementor-621\">\n\t\t\t\t\t\t\t<div class=\"elementor-element elementor-element-80e8d53 e-flex e-con-boxed e-con e-parent\" data-id=\"80e8d53\" data-element_type=\"container\" data-settings=\"{&quot;content_width&quot;:&quot;boxed&quot;}\" data-core-v316-plus=\"true\">\n\t\t\t\t\t<div class=\"e-con-inner\">\n\t\t\t\t<div class=\"elementor-element elementor-element-b9aa9ef elementor-widget elementor-widget-image\" data-id=\"b9aa9ef\" data-element_type=\"widget\" data-widget_type=\"image.default\">\n\t\t\t\t<div class=\"elementor-widget-container\">\n\t\t\t<style>\/*! elementor - v3.18.0 - 06-12-2023 *\/\n.elementor-widget-image{text-align:center}.elementor-widget-image a{display:inline-block}.elementor-widget-image a img[src$=\".svg\"]{width:48px}.elementor-widget-image img{vertical-align:middle;display:inline-block}<\/style>\t\t\t\t\t\t\t\t\t\t\t\t<img fetchpriority=\"high\" decoding=\"async\" width=\"768\" height=\"321\" src=\"https:\/\/new.centre-cyno-tallendais.fr\/wp-content\/uploads\/2023\/11\/groupe-chiens-768x321.png\" class=\"attachment-medium_large size-medium_large wp-image-1341\" alt=\"\" srcset=\"https:\/\/new.centre-cyno-tallendais.fr\/wp-content\/uploads\/2023\/11\/groupe-chiens-768x321.png 768w, https:\/\/new.centre-cyno-tallendais.fr\/wp-content\/uploads\/2023\/11\/groupe-chiens-300x125.png 300w, https:\/\/new.centre-cyno-tallendais.fr\/wp-content\/uploads\/2023\/11\/groupe-chiens.png 800w\" sizes=\"(max-width: 768px) 100vw, 768px\" \/>\t\t\t\t\t\t\t\t\t\t\t\t\t\t\t<\/div>\n\t\t\t\t<\/div>\n\t\t\t\t\t<\/div>\n\t\t\t\t<\/div>\n\t\t\t\t<section class=\"elementor-section elementor-top-section elementor-element elementor-element-13a93292 elementor-section-boxed elementor-section-height-default elementor-section-height-default\" data-id=\"13a93292\" data-element_type=\"section\" data-settings=\"{&quot;background_background&quot;:&quot;classic&quot;}\">\n\t\t\t\t\t\t\t<div class=\"elementor-background-overlay\"><\/div>\n\t\t\t\t\t\t\t<div class=\"elementor-container elementor-column-gap-default\">\n\t\t\t\t\t<div class=\"elementor-column elementor-col-100 elementor-top-column elementor-element elementor-element-25748b2d\" data-id=\"25748b2d\" data-element_type=\"column\">\n\t\t\t<div class=\"elementor-widget-wrap elementor-element-populated\">\n\t\t\t\t\t\t\t\t<div class=\"elementor-element elementor-element-1dca66c4 elementor-widget-divider--view-line elementor-widget elementor-widget-divider\" data-id=\"1dca66c4\" data-element_type=\"widget\" data-widget_type=\"divider.default\">\n\t\t\t\t<div class=\"elementor-widget-container\">\n\t\t\t<style>\/*! elementor - v3.18.0 - 06-12-2023 *\/\n.elementor-widget-divider{--divider-border-style:none;--divider-border-width:1px;--divider-color:#0c0d0e;--divider-icon-size:20px;--divider-element-spacing:10px;--divider-pattern-height:24px;--divider-pattern-size:20px;--divider-pattern-url:none;--divider-pattern-repeat:repeat-x}.elementor-widget-divider .elementor-divider{display:flex}.elementor-widget-divider .elementor-divider__text{font-size:15px;line-height:1;max-width:95%}.elementor-widget-divider .elementor-divider__element{margin:0 var(--divider-element-spacing);flex-shrink:0}.elementor-widget-divider .elementor-icon{font-size:var(--divider-icon-size)}.elementor-widget-divider .elementor-divider-separator{display:flex;margin:0;direction:ltr}.elementor-widget-divider--view-line_icon .elementor-divider-separator,.elementor-widget-divider--view-line_text .elementor-divider-separator{align-items:center}.elementor-widget-divider--view-line_icon .elementor-divider-separator:after,.elementor-widget-divider--view-line_icon .elementor-divider-separator:before,.elementor-widget-divider--view-line_text .elementor-divider-separator:after,.elementor-widget-divider--view-line_text .elementor-divider-separator:before{display:block;content:\"\";border-bottom:0;flex-grow:1;border-top:var(--divider-border-width) var(--divider-border-style) var(--divider-color)}.elementor-widget-divider--element-align-left .elementor-divider .elementor-divider-separator>.elementor-divider__svg:first-of-type{flex-grow:0;flex-shrink:100}.elementor-widget-divider--element-align-left .elementor-divider-separator:before{content:none}.elementor-widget-divider--element-align-left .elementor-divider__element{margin-left:0}.elementor-widget-divider--element-align-right .elementor-divider .elementor-divider-separator>.elementor-divider__svg:last-of-type{flex-grow:0;flex-shrink:100}.elementor-widget-divider--element-align-right .elementor-divider-separator:after{content:none}.elementor-widget-divider--element-align-right .elementor-divider__element{margin-right:0}.elementor-widget-divider:not(.elementor-widget-divider--view-line_text):not(.elementor-widget-divider--view-line_icon) .elementor-divider-separator{border-top:var(--divider-border-width) var(--divider-border-style) var(--divider-color)}.elementor-widget-divider--separator-type-pattern{--divider-border-style:none}.elementor-widget-divider--separator-type-pattern.elementor-widget-divider--view-line .elementor-divider-separator,.elementor-widget-divider--separator-type-pattern:not(.elementor-widget-divider--view-line) .elementor-divider-separator:after,.elementor-widget-divider--separator-type-pattern:not(.elementor-widget-divider--view-line) .elementor-divider-separator:before,.elementor-widget-divider--separator-type-pattern:not([class*=elementor-widget-divider--view]) .elementor-divider-separator{width:100%;min-height:var(--divider-pattern-height);-webkit-mask-size:var(--divider-pattern-size) 100%;mask-size:var(--divider-pattern-size) 100%;-webkit-mask-repeat:var(--divider-pattern-repeat);mask-repeat:var(--divider-pattern-repeat);background-color:var(--divider-color);-webkit-mask-image:var(--divider-pattern-url);mask-image:var(--divider-pattern-url)}.elementor-widget-divider--no-spacing{--divider-pattern-size:auto}.elementor-widget-divider--bg-round{--divider-pattern-repeat:round}.rtl .elementor-widget-divider .elementor-divider__text{direction:rtl}.e-con-inner>.elementor-widget-divider,.e-con>.elementor-widget-divider{width:var(--container-widget-width,100%);--flex-grow:var(--container-widget-flex-grow)}<\/style>\t\t<div class=\"elementor-divider\">\n\t\t\t<span class=\"elementor-divider-separator\">\n\t\t\t\t\t\t<\/span>\n\t\t<\/div>\n\t\t\t\t<\/div>\n\t\t\t\t<\/div>\n\t\t\t\t<div class=\"elementor-element elementor-element-253d822f elementor-widget elementor-widget-heading\" data-id=\"253d822f\" data-element_type=\"widget\" data-widget_type=\"heading.default\">\n\t\t\t\t<div class=\"elementor-widget-container\">\n\t\t\t<style>\/*! elementor - v3.18.0 - 06-12-2023 *\/\n.elementor-heading-title{padding:0;margin:0;line-height:1}.elementor-widget-heading .elementor-heading-title[class*=elementor-size-]>a{color:inherit;font-size:inherit;line-height:inherit}.elementor-widget-heading .elementor-heading-title.elementor-size-small{font-size:15px}.elementor-widget-heading .elementor-heading-title.elementor-size-medium{font-size:19px}.elementor-widget-heading .elementor-heading-title.elementor-size-large{font-size:29px}.elementor-widget-heading .elementor-heading-title.elementor-size-xl{font-size:39px}.elementor-widget-heading .elementor-heading-title.elementor-size-xxl{font-size:59px}<\/style><h2 class=\"elementor-heading-title elementor-size-default\">Tarifs appliqu\u00e9s<\/h2>\t\t<\/div>\n\t\t\t\t<\/div>\n\t\t\t\t\t<\/div>\n\t\t<\/div>\n\t\t\t\t\t\t\t<\/div>\n\t\t<\/section>\n\t\t<div class=\"elementor-element elementor-element-f39b14f e-flex e-con-boxed e-con e-parent\" data-id=\"f39b14f\" data-element_type=\"container\" data-settings=\"{&quot;content_width&quot;:&quot;boxed&quot;}\" data-core-v316-plus=\"true\">\n\t\t\t\t\t<div class=\"e-con-inner\">\n\t\t\t\t<div class=\"elementor-element elementor-element-064841f elementor-widget elementor-widget-text-editor\" data-id=\"064841f\" data-element_type=\"widget\" data-widget_type=\"text-editor.default\">\n\t\t\t\t<div class=\"elementor-widget-container\">\n\t\t\t<style>\/*! elementor - v3.18.0 - 06-12-2023 *\/\n.elementor-widget-text-editor.elementor-drop-cap-view-stacked .elementor-drop-cap{background-color:#69727d;color:#fff}.elementor-widget-text-editor.elementor-drop-cap-view-framed .elementor-drop-cap{color:#69727d;border:3px solid;background-color:transparent}.elementor-widget-text-editor:not(.elementor-drop-cap-view-default) .elementor-drop-cap{margin-top:8px}.elementor-widget-text-editor:not(.elementor-drop-cap-view-default) .elementor-drop-cap-letter{width:1em;height:1em}.elementor-widget-text-editor .elementor-drop-cap{float:left;text-align:center;line-height:1;font-size:50px}.elementor-widget-text-editor .elementor-drop-cap-letter{display:inline-block}<\/style>\t\t\t\t<table dir=\"ltr\" border=\"1\" cellspacing=\"0\" cellpadding=\"0\" data-sheets-root=\"1\"><colgroup> <col width=\"434\" \/> <col width=\"148\" \/> <col width=\"176\" \/> <col width=\"150\" \/><\/colgroup><tbody><tr><td data-sheets-value=\"{&quot;1&quot;:2,&quot;2&quot;:&quot;DESIGNATION&quot;}\"><strong>D\u00c9SIGNATION<\/strong><\/td><td data-sheets-value=\"{&quot;1&quot;:2,&quot;2&quot;:&quot;QUANTITE&quot;}\"><strong>QUANTIT\u00c9<\/strong><\/td><td data-sheets-value=\"{&quot;1&quot;:2,&quot;2&quot;:&quot;Forfait \/ Heure&quot;}\"><strong>Forfait \/ Heure<\/strong><\/td><td data-sheets-value=\"{&quot;1&quot;:2,&quot;2&quot;:&quot;MONTANT&quot;}\"><strong>MONTANT<\/strong><\/td><\/tr><tr><td data-sheets-value=\"{&quot;1&quot;:2,&quot;2&quot;:&quot;Location terrain entrainement&quot;}\">Location terrain entrainement<\/td><td data-sheets-value=\"{&quot;1&quot;:3,&quot;3&quot;:1}\">1<\/td><td data-sheets-value=\"{&quot;1&quot;:2,&quot;2&quot;:&quot;Heure&quot;}\">Heure<\/td><td data-sheets-value=\"{&quot;1&quot;:3,&quot;3&quot;:10}\" data-sheets-numberformat=\"{&quot;1&quot;:4,&quot;2&quot;:&quot;#,##0.00\\\\ [$\u20ac-1]&quot;}\">10,00 \u20ac<\/td><\/tr><tr><td data-sheets-value=\"{&quot;1&quot;:2,&quot;2&quot;:&quot;Cours individuel Ob\u00e9issance&quot;}\">Cours individuel Ob\u00e9issance<\/td><td data-sheets-value=\"{&quot;1&quot;:3,&quot;3&quot;:1}\">1<\/td><td data-sheets-value=\"{&quot;1&quot;:2,&quot;2&quot;:&quot;Heure&quot;}\">Heure<\/td><td data-sheets-value=\"{&quot;1&quot;:3,&quot;3&quot;:10}\" data-sheets-numberformat=\"{&quot;1&quot;:4,&quot;2&quot;:&quot;#,##0.00\\\\ [$\u20ac-1]&quot;}\">10,00 \u20ac<\/td><\/tr><tr><td data-sheets-value=\"{&quot;1&quot;:2,&quot;2&quot;:&quot;Cours individuel Ring&quot;}\">Cours individuel Ring<\/td><td data-sheets-value=\"{&quot;1&quot;:3,&quot;3&quot;:1}\">1<\/td><td data-sheets-value=\"{&quot;1&quot;:2,&quot;2&quot;:&quot;Heure&quot;}\">Heure<\/td><td data-sheets-value=\"{&quot;1&quot;:3,&quot;3&quot;:20}\" data-sheets-numberformat=\"{&quot;1&quot;:4,&quot;2&quot;:&quot;#,##0.00\\\\ [$\u20ac-1]&quot;}\">20,00 \u20ac<\/td><\/tr><tr><td data-sheets-value=\"{&quot;1&quot;:2,&quot;2&quot;:&quot;Cours Education collectif (1 heure par semaine)&quot;}\">Cours Education collectif (1 heure par semaine)<\/td><td data-sheets-value=\"{&quot;1&quot;:2,&quot;2&quot;:&quot;6 Mois&quot;}\">6 Mois<\/td><td data-sheets-value=\"{&quot;1&quot;:2,&quot;2&quot;:&quot;Forfait &quot;}\">Forfait<\/td><td data-sheets-value=\"{&quot;1&quot;:3,&quot;3&quot;:200}\" data-sheets-numberformat=\"{&quot;1&quot;:4,&quot;2&quot;:&quot;#,##0.00\\\\ [$\u20ac-1]&quot;}\">200,00 \u20ac<\/td><\/tr><tr><td data-sheets-value=\"{&quot;1&quot;:2,&quot;2&quot;:&quot;Education canine (3 chiens maximum)&quot;}\">Education canine (3 chiens maximum)<\/td><td data-sheets-value=\"{&quot;1&quot;:2,&quot;2&quot;:&quot;10 s\u00e9ances&quot;}\">10 s\u00e9ances<\/td><td data-sheets-value=\"{&quot;1&quot;:2,&quot;2&quot;:&quot;Forfait &quot;}\">Forfait<\/td><td data-sheets-value=\"{&quot;1&quot;:3,&quot;3&quot;:200}\" data-sheets-numberformat=\"{&quot;1&quot;:4,&quot;2&quot;:&quot;#,##0.00\\\\ [$\u20ac-1]&quot;}\">200,00 \u20ac<\/td><\/tr><tr><td data-sheets-value=\"{&quot;1&quot;:2,&quot;2&quot;:&quot;Education canine ( 3 chiens maximum)&quot;}\">Education canine ( 3 chiens maximum)<\/td><td data-sheets-value=\"{&quot;1&quot;:2,&quot;2&quot;:&quot;20 s\u00e9ances&quot;}\">20 s\u00e9ances<\/td><td data-sheets-value=\"{&quot;1&quot;:2,&quot;2&quot;:&quot;Forfait &quot;}\">Forfait<\/td><td data-sheets-value=\"{&quot;1&quot;:3,&quot;3&quot;:250}\" data-sheets-numberformat=\"{&quot;1&quot;:4,&quot;2&quot;:&quot;#,##0.00\\\\ [$\u20ac-1]&quot;}\">250,00 \u20ac<\/td><\/tr><tr><td data-sheets-value=\"{&quot;1&quot;:2,&quot;2&quot;:&quot;Education canine (3 chiens maximum)&quot;}\">Education canine (3 chiens maximum)<\/td><td data-sheets-value=\"{&quot;1&quot;:2,&quot;2&quot;:&quot;30 s\u00e9ances&quot;}\">30 s\u00e9ances<\/td><td data-sheets-value=\"{&quot;1&quot;:2,&quot;2&quot;:&quot;Forfait &quot;}\">Forfait<\/td><td data-sheets-value=\"{&quot;1&quot;:3,&quot;3&quot;:300}\" data-sheets-numberformat=\"{&quot;1&quot;:4,&quot;2&quot;:&quot;#,##0.00\\\\ [$\u20ac-1]&quot;}\">300,00 \u20ac<\/td><\/tr><tr><td data-sheets-value=\"{&quot;1&quot;:2,&quot;2&quot;:&quot;Certificat de D\u00e9tention cat\u00e9g 1 et 2&quot;}\">Certificat de D\u00e9tention cat\u00e9gorie 1 et 2<\/td><td data-sheets-value=\"{&quot;1&quot;:2,&quot;2&quot;:&quot;3 heures&quot;}\">3 heures<\/td><td data-sheets-value=\"{&quot;1&quot;:2,&quot;2&quot;:&quot;Forfait &quot;}\">Forfait<\/td><td data-sheets-value=\"{&quot;1&quot;:3,&quot;3&quot;:150}\" data-sheets-numberformat=\"{&quot;1&quot;:4,&quot;2&quot;:&quot;#,##0.00\\\\ [$\u20ac-1]&quot;}\">150,00 \u20ac<\/td><\/tr><\/tbody><\/table>\t\t\t\t\t\t<\/div>\n\t\t\t\t<\/div>\n\t\t\t\t\t<\/div>\n\t\t\t\t<\/div>\n\t\t<div class=\"elementor-element elementor-element-f7d2352 e-flex e-con-boxed e-con e-parent\" data-id=\"f7d2352\" data-element_type=\"container\" data-settings=\"{&quot;content_width&quot;:&quot;boxed&quot;}\" data-core-v316-plus=\"true\">\n\t\t\t\t\t<div class=\"e-con-inner\">\n\t\t\t\t<div class=\"elementor-element elementor-element-0d7f994 elementor-align-center elementor-widget elementor-widget-button\" data-id=\"0d7f994\" data-element_type=\"widget\" data-widget_type=\"button.default\">\n\t\t\t\t<div class=\"elementor-widget-container\">\n\t\t\t\t\t<div class=\"elementor-button-wrapper\">\n\t\t\t<a class=\"elementor-button elementor-button-link elementor-size-md\" href=\"https:\/\/new.centre-cyno-tallendais.fr\/index.php\/contacts\/\">\n\t\t\t\t\t\t<span class=\"elementor-button-content-wrapper\">\n\t\t\t\t\t\t<span class=\"elementor-button-text\">Me contacter<\/span>\n\t\t<\/span>\n\t\t\t\t\t<\/a>\n\t\t<\/div>\n\t\t\t\t<\/div>\n\t\t\t\t<\/div>\n\t\t\t\t\t<\/div>\n\t\t\t\t<\/div>\n\t\t\t\t\t\t\t<\/div>\n\t\t","protected":false},"excerpt":{"rendered":"<p>Tarifs appliqu\u00e9s D\u00c9SIGNATION QUANTIT\u00c9 Forfait \/ Heure MONTANT Location terrain entrainement 1 Heure 10,00 \u20ac Cours individuel Ob\u00e9issance 1 Heure 10,00 \u20ac Cours individuel Ring 1 Heure 20,00 \u20ac Cours Education collectif (1 heure par semaine) 6 Mois Forfait 200,00 \u20ac Education canine (3 chiens maximum) 10 s\u00e9ances Forfait 200,00 \u20ac Education canine ( 3 &hellip;<\/p>\n<p class=\"read-more\"> <a class=\"\" href=\"https:\/\/new.centre-cyno-tallendais.fr\/index.php\/tarifs\/\"> <span class=\"screen-reader-text\">TARIFS<\/span> Lire la suite\u00a0\u00bb<\/a><\/p>\n","protected":false},"author":1,"featured_media":0,"parent":0,"menu_order":0,"comment_status":"closed","ping_status":"closed","template":"","meta":{"om_disable_all_campaigns":false,"_monsterinsights_skip_tracking":false,"_monsterinsights_sitenote_active":false,"_monsterinsights_sitenote_note":"","_monsterinsights_sitenote_category":0,"site-sidebar-layout":"no-sidebar","site-content-layout":"page-builder","ast-site-content-layout":"","site-content-style":"default","site-sidebar-style":"default","ast-global-header-display":"","ast-banner-title-visibility":"","ast-main-header-display":"","ast-hfb-above-header-display":"","ast-hfb-below-header-display":"","ast-hfb-mobile-header-display":"","site-post-title":"disabled","ast-breadcrumbs-content":"","ast-featured-img":"disabled","footer-sml-layout":"","theme-transparent-header-meta":"default","adv-header-id-meta":"","stick-header-meta":"","header-above-stick-meta":"","header-main-stick-meta":"","header-below-stick-meta":"","astra-migrate-meta-layouts":"","ast-page-background-enabled":"default","ast-page-background-meta":{"desktop":{"background-color":"","background-image":"","background-repeat":"repeat","background-position":"center center","background-size":"auto","background-attachment":"scroll","background-type":"","background-media":"","overlay-type":"","overlay-color":"","overlay-gradient":""},"tablet":{"background-color":"","background-image":"","background-repeat":"repeat","background-position":"center center","background-size":"auto","background-attachment":"scroll","background-type":"","background-media":"","overlay-type":"","overlay-color":"","overlay-gradient":""},"mobile":{"background-color":"","background-image":"","background-repeat":"repeat","background-position":"center center","background-size":"auto","background-attachment":"scroll","background-type":"","background-media":"","overlay-type":"","overlay-color":"","overlay-gradient":""}},"ast-content-background-meta":{"desktop":{"background-color":"var(--ast-global-color-5)","background-image":"","background-repeat":"repeat","background-position":"center center","background-size":"auto","background-attachment":"scroll","background-type":"","background-media":"","overlay-type":"","overlay-color":"","overlay-gradient":""},"tablet":{"background-color":"var(--ast-global-color-5)","background-image":"","background-repeat":"repeat","background-position":"center center","background-size":"auto","background-attachment":"scroll","background-type":"","background-media":"","overlay-type":"","overlay-color":"","overlay-gradient":""},"mobile":{"background-color":"var(--ast-global-color-5)","background-image":"","background-repeat":"repeat","background-position":"center center","background-size":"auto","background-attachment":"scroll","background-type":"","background-media":"","overlay-type":"","overlay-color":"","overlay-gradient":""}},"footnotes":""},"aioseo_notices":[],"_links":{"self":[{"href":"https:\/\/new.centre-cyno-tallendais.fr\/index.php\/wp-json\/wp\/v2\/pages\/621"}],"collection":[{"href":"https:\/\/new.centre-cyno-tallendais.fr\/index.php\/wp-json\/wp\/v2\/pages"}],"about":[{"href":"https:\/\/new.centre-cyno-tallendais.fr\/index.php\/wp-json\/wp\/v2\/types\/page"}],"author":[{"embeddable":true,"href":"https:\/\/new.centre-cyno-tallendais.fr\/index.php\/wp-json\/wp\/v2\/users\/1"}],"replies":[{"embeddable":true,"href":"https:\/\/new.centre-cyno-tallendais.fr\/index.php\/wp-json\/wp\/v2\/comments?post=621"}],"version-history":[{"count":17,"href":"https:\/\/new.centre-cyno-tallendais.fr\/index.php\/wp-json\/wp\/v2\/pages\/621\/revisions"}],"predecessor-version":[{"id":1397,"href":"https:\/\/new.centre-cyno-tallendais.fr\/index.php\/wp-json\/wp\/v2\/pages\/621\/revisions\/1397"}],"wp:attachment":[{"href":"https:\/\/new.centre-cyno-tallendais.fr\/index.php\/wp-json\/wp\/v2\/media?parent=621"}],"curies":[{"name":"wp","href":"https:\/\/api.w.org\/{rel}","templated":true}]}}